{"id":3788,"date":"2021-06-22T12:08:08","date_gmt":"2021-06-22T12:08:08","guid":{"rendered":"https:\/\/olga.alisrv.com\/index.php\/product\/3-pieces-ramekin-set\/"},"modified":"2021-11-28T07:35:18","modified_gmt":"2021-11-28T07:35:18","slug":"3-pieces-ramekin-set","status":"publish","type":"product","link":"https:\/\/olga.alisrv.com\/index.php\/product\/3-pieces-ramekin-set\/","title":{"rendered":"3 Pieces Ramekin Set"},"content":{"rendered":"<div class=\"ppd_block ppd_7 ppd_bg_white\">\n<div class=\"ppd_txt\">\n<div class=\"ppd_l\">\n<div class=\"ppd_title\">Premium Set Of 3 Porcelain Ramekins<\/div>\n<div class=\"ppd_subtitle\">Cook and present food like a professional chef<\/div>\n<\/div>\n<div class=\"ppd_r\">\n<div class=\"ppd_desc\">The recipe for a great dish starts, surprisingly, with a great dish! These ramekins prove that when it comes to food preparation. Few things are more convenient than baking and serving in one dish. With its fluted exterior and ridged rim, this oven-to-table bakeware imparts a traditional elegance that is a perfect complement to any decor. Versatile yet stylish, our ramekins are simple\u2026 from start to finish!<\/div>\n<\/div>\n<\/div>\n<div class=\"ppd_img_list\"><img loading=\"lazy\" class=\"alignnone size-full wp-image-28332\" title=\"1-min\" src=\"https:\/\/olga.alisrv.com\/wp-content\/uploads\/2021\/06\/3788-c6df3eaf025eb81085c4aef5bb07df09.jpg\" alt=\"\" width=\"560\" height=\"560\" \/><img loading=\"lazy\" class=\"alignnone size-full wp-image-28333\" title=\"2-min\" src=\"https:\/\/olga.alisrv.com\/wp-content\/uploads\/2021\/06\/3788-b73d317736faf57cc57ee9159771d4d5.jpg\" alt=\"\" width=\"560\" height=\"560\" \/><\/div>\n<\/div>\n<div class=\"ppd_block ppd_23 ppd_bg_dark\">\n<div class=\"ppd_title\">All-around use<\/div>\n<div class=\"ppd_halfs\">\n<div class=\"ppd_half\">\n<div class=\"ppd_txt\">The elegant fluted edge pattern makes these ramekins perfect for going from the oven to the table. An even top rim allows for better grip, and makes cooking so much easier! Interior and exterior glaze protect ramekins against stains, making them easy to clean. Save storage space by stacking them in your pantry or cabinet when not in use.<\/div>\n<\/div>\n<div class=\"ppd_half\">\n<div class=\"ppd_list ppd_checked\">\n<div class=\"ppd_item\">Material: fine porcelain, fully vitrified<\/div>\n<div class=\"ppd_item\">1st ramekin &#8211; 3.5&#8243; x 1.5&#8243; (9 cm x 4 cm)<\/div>\n<div class=\"ppd_item\">2nd ramekin &#8211; 4&#8243; x 2&#8243; (10.5 cm x 5 cm)<\/div>\n<div class=\"ppd_item\">3d ramekin &#8211; 4.5&#8242; &#8216;x 2&#8221; (12 x 5.5 cm)<\/div>\n<div class=\"ppd_item\">Microwave\/dishwasher safe, ovenproof (up to 572\u00b0F\/300\u00b0C)<\/div>\n<\/div>\n<\/div>\n<\/div>\n<\/div>\n<div class=\"ppd_block ppd_13 ppd_bg_lite\">\n<div class=\"ppd_title\">#1 cooking vessel you need in your kitchen<\/div>\n<div class=\"ppd_txt\">\n<div class=\"ppd_full_img\"><img loading=\"lazy\" class=\"alignnone size-full wp-image-28339\" title=\"3-min\" src=\"https:\/\/olga.alisrv.com\/wp-content\/uploads\/2021\/06\/3788-a590e8ff8a441c9e6e71377a28436f43.jpg\" alt=\"\" width=\"488\" height=\"488\" \/><\/div>\n<div class=\"ppd_l\">\n<div class=\"ppd_item\">\n<div class=\"ppd_name\">Sturdy and durable<\/div>\n<div class=\"ppd_desc\">These ramekins have high heat resistance and are safe for use not only in an oven (572\u00b0F), but also with the culinary torch, which is quite necessary when making desserts like cr\u00e8me br\u00fbl\u00e9e.<\/div>\n<\/div>\n<div class=\"ppd_item\">\n<div class=\"ppd_name\">Ideal for your favorite recipes<\/div>\n<div class=\"ppd_desc\">The premium quality porcelain distributes and retains the heat, and thus is perfect for cooking gratins, casseroles, cr\u00e8me br\u00fbl\u00e9e desserts, fondants, souffles, molten cakes, crumbles and flans.<\/div>\n<\/div>\n<\/div>\n<\/div>\n<\/div>\n<div class=\"ppd_block ppd_11 ppd_bg_white\">\n<div class=\"ppd_full_img\"><img loading=\"lazy\" class=\"alignnone size-full wp-image-28340\" title=\"4-min\" src=\"https:\/\/olga.alisrv.com\/wp-content\/uploads\/2021\/06\/3788-460c15b99c551a0b282b4809cc13f95c.jpg\" alt=\"\" width=\"486\" height=\"414\" \/><\/div>\n<div class=\"ppd_txt\">\n<div class=\"ppd_name\">Perfect individual serving size<\/div>\n<div class=\"ppd_desc\">These ramekins are perfect for anyone who wants to serve personal-sized meals. Enjoy the delicious food while being under the control of a healthy diet!<\/div>\n<div class=\"ppd_name\">Elegant design<\/div>\n<div class=\"ppd_desc\">Classic style, bright and smooth glaze, elegant white color make these ramekins never get out of style, giving a timeless touch to your tabletop presentation.<\/div>\n<\/div>\n<\/div>\n<div class=\"ppd_block ppd_brand ppd_bg_lite\">\n<div class=\"ppd_brand_main\">\n<div class=\"ppd_txt\">\n<div class=\"ppd_title\">About WILMAX USA<\/div>\n<div class=\"ppd_desc\">\n<p>Wilmax is an established manufacturer of tabletop small wares including Fine and durable Porcelain, Glassware, Thermo, Bamboo serve ware and High Polish Stainless Steel Flatware. With over 12 years of experience in Europe, we have finally made the move into North America. With Headquarters and a warehouse conveniently located outside of Philadelphia.<\/p>\n<p>Wilmax Manufactures 100% of its product using our own or shared facilities in Asia in order to control quality and design 12 years producing and distributing tabletop goods in Europe, Asia, and Latin America<\/p>\n<p>1,800 + Active and unique SKUs (growing by over 300 per quarter)<br \/>\nCurrently, producing all products in Asia under our total control (we do not outsource)<br \/>\nMulti-Million US warehouse located outside of Philadelphia<br \/>\nWe are very familiar with the hospitality market and our international clients have nothing but great things to say about our product.<\/p>\n<\/div>\n<\/div>\n<div class=\"ppd_brand_card\">\n<div class=\"ppd_full_img\"><img loading=\"lazy\" class=\"alignnone size-full wp-image-27756\" title=\"4-min\" src=\"https:\/\/olga.alisrv.com\/wp-content\/uploads\/2021\/06\/3788-1b6da1abf900cd4665e487cddbef5cca.png\" alt=\"\" width=\"178\" height=\"178\" \/><\/div>\n<div class=\"ppd_brand_info\">\n<div class=\"ppd_bi_one\">\n<div class=\"ppd_h5\">Designed In<\/div>\n<div class=\"ppd_value\">Bensalem, Pennsylvania<\/div>\n<\/div>\n<div class=\"ppd_bi_one\">\n<div class=\"ppd_h5\">Established<\/div>\n<div class=\"ppd_value\">2010<\/div>\n<\/div>\n<div class=\"ppd_bi_one\">\n<div class=\"ppd_h5\">Brand values<\/div>\n<div class=\"ppd_tags\">\n<div class=\"ppd_tag\">Social Good<\/div>\n<\/div>\n<\/div>\n<\/div>\n<\/div>\n<\/div>\n<div class=\"ppd_video\"><iframe loading=\"lazy\" title=\"YouTube video player\" src=\"https:\/\/www.youtube.com\/embed\/aAm-Ff_-CR0\" width=\"560\" height=\"315\" frameborder=\"0\" allowfullscreen=\"allowfullscreen\"><\/iframe><\/div>\n<\/div>\n","protected":false},"excerpt":{"rendered":"<p>Premium Set Of 3 Porcelain Ramekins Cook and present food like a professional chef The recipe for a great dish starts, surprisingly, with a great dish! These ramekins prove that when it comes to food preparation. Few things are more convenient than baking and serving in one dish. With its fluted exterior and ridged rim, [&hellip;]<\/p>\n","protected":false},"featured_media":3789,"comment_status":"open","ping_status":"closed","template":"","meta":[],"product_cat":[],"product_tag":[],"_links":{"self":[{"href":"https:\/\/olga.alisrv.com\/index.php\/wp-json\/wp\/v2\/product\/3788"}],"collection":[{"href":"https:\/\/olga.alisrv.com\/index.php\/wp-json\/wp\/v2\/product"}],"about":[{"href":"https:\/\/olga.alisrv.com\/index.php\/wp-json\/wp\/v2\/types\/product"}],"replies":[{"embeddable":true,"href":"https:\/\/olga.alisrv.com\/index.php\/wp-json\/wp\/v2\/comments?post=3788"}],"wp:featuredmedia":[{"embeddable":true,"href":"https:\/\/olga.alisrv.com\/index.php\/wp-json\/wp\/v2\/media\/3789"}],"wp:attachment":[{"href":"https:\/\/olga.alisrv.com\/index.php\/wp-json\/wp\/v2\/media?parent=3788"}],"wp:term":[{"taxonomy":"product_cat","embeddable":true,"href":"https:\/\/olga.alisrv.com\/index.php\/wp-json\/wp\/v2\/product_cat?post=3788"},{"taxonomy":"product_tag","embeddable":true,"href":"https:\/\/olga.alisrv.com\/index.php\/wp-json\/wp\/v2\/product_tag?post=3788"}],"curies":[{"name":"wp","href":"https:\/\/api.w.org\/{rel}","templated":true}]}}